{"id":1210,"date":"2023-05-20T10:06:32","date_gmt":"2023-05-20T08:06:32","guid":{"rendered":"https:\/\/www.omikuji.fr\/wp\/?post_type=product&#038;p=1210"},"modified":"2023-05-20T10:08:28","modified_gmt":"2023-05-20T08:08:28","slug":"enlumineur-omikuji","status":"publish","type":"product","link":"https:\/\/www.omikuji.fr\/wp\/produit\/enlumineur-omikuji\/","title":{"rendered":"Enlumineur Omikuji"},"content":{"rendered":"<p>Ingr\u00e9dients :<\/p>\n<p>Aqua , coco-caprylate\/caprate, glycerin, mica, lauryl glucoside, polyglyceryl-2-di-polyhydroxystearate, xanthan gum, benzyl alcohol, tin oxide, sodium hydroxide, citric acid, phytic acid, dehydroacetic acid, CI 77891, CI 77491<\/p>\n","protected":false},"excerpt":{"rendered":"<p>99 % d&rsquo;ingr\u00e9dients d&rsquo;origine naturelle. Parfait pour apporter des touches de lumi\u00e8re \u00e0 votre visage !<\/p>\n<p>&nbsp;<\/p>\n<p>Appliquez l&rsquo;enlumineur en tapotant d\u00e9licatement du bout des doigts sur les zones du visage qui capturent naturellement la lumi\u00e8re ( pommettes, arr\u00eate du nez, arcades sourcili\u00e8res )<\/p>\n","protected":false},"featured_media":1211,"comment_status":"open","ping_status":"closed","template":"","meta":[],"_links":{"self":[{"href":"https:\/\/www.omikuji.fr\/wp\/wp-json\/wp\/v2\/product\/1210"}],"collection":[{"href":"https:\/\/www.omikuji.fr\/wp\/wp-json\/wp\/v2\/product"}],"about":[{"href":"https:\/\/www.omikuji.fr\/wp\/wp-json\/wp\/v2\/types\/product"}],"replies":[{"embeddable":true,"href":"https:\/\/www.omikuji.fr\/wp\/wp-json\/wp\/v2\/comments?post=1210"}],"wp:featuredmedia":[{"embeddable":true,"href":"https:\/\/www.omikuji.fr\/wp\/wp-json\/wp\/v2\/media\/1211"}],"wp:attachment":[{"href":"https:\/\/www.omikuji.fr\/wp\/wp-json\/wp\/v2\/media?parent=1210"}],"curies":[{"name":"wp","href":"https:\/\/api.w.org\/{rel}","templated":true}]}}