{"id":1346,"date":"2023-09-29T14:21:54","date_gmt":"2023-09-29T12:21:54","guid":{"rendered":"https:\/\/www.omikuji.fr\/wp\/?post_type=product&#038;p=1346"},"modified":"2024-08-09T15:09:29","modified_gmt":"2024-08-09T13:09:29","slug":"1346","status":"publish","type":"product","link":"https:\/\/www.omikuji.fr\/wp\/produit\/1346\/","title":{"rendered":"Eau micellaire"},"content":{"rendered":"<p>Cette lotion associant de l\u2019eau de Rose et du<br \/>\njus d\u2019Aloe vera bio, d\u00e9maquille et nettoie<br \/>\nefficacement les impuret\u00e9s. Ce soin nettoyant<br \/>\ntr\u00e8s doux, d\u2019origine v\u00e9g\u00e9tale, permet d\u2019\u00eatre<br \/>\nparfaitement adapt\u00e9 aux peaux sensibles. Le<br \/>\njus d\u2019aloe vera bio (concentr\u00e9 \u00e0 10%) associ\u00e9<br \/>\n\u00e0 l\u2019allanto\u00efne apporte confort et hydratation \u00e0 la<br \/>\npeau. L\u2019eau de rose tonifie et apporte luminosit\u00e9<br \/>\net \u00e9clat au teint. La synergie de ces actifs<br \/>\npermet d\u2019offrir une pure sensation de douceur.<\/p>\n<p>&nbsp;<\/p>\n<p>INPI : Aqua, aloe barbadensis leaf juice, glycerin, decyl glucoside, rosa damascena flower water, allantoin, potassium sorbate, citric acid, parfum, dissodium edta, sodium benzoate, alpha-isomethyl ionone, benzyl salicylate.<\/p>\n","protected":false},"excerpt":{"rendered":"<p><strong>JUS D\u2019ALOE VERA BIO<\/strong> (origine v\u00e9g\u00e9tale) :<br \/>\n\u2022 Hydratant et nutritif<\/p>\n<p><strong>ALLANTO\u00cfNE<\/strong> (origine synth\u00e9tique) :<br \/>\n\u2022 Apaisant<br \/>\n\u2022 Aide \u00e0 diminuer l\u2019inconfort de la peau<\/p>\n<p><strong>DECYL GLUCOSIDE<\/strong> (origine v\u00e9g\u00e9tale):<br \/>\n\u2022 Tensioactif tr\u00e8s doux<\/p>\n<p><strong>EAU DE ROSE<\/strong> (origine v\u00e9g\u00e9tale):<br \/>\n\u2022 Tonifiant<\/p>\n<p>&nbsp;<\/p>\n<p>\u2022 98 % d\u2019ingr\u00e9dients d\u2019origine naturelle dans<br \/>\nla formule.<br \/>\n\u2022 Sans colorant.<br \/>\n\u2022 Sans parab\u00e8ne, sans ph\u00e9noxy\u00e9thanol, sans<br \/>\nPEG et sans silicone.<br \/>\n\u2022 Test\u00e9 sous contr\u00f4le dermatologique.<\/p>\n","protected":false},"featured_media":1347,"comment_status":"open","ping_status":"closed","template":"","meta":[],"_links":{"self":[{"href":"https:\/\/www.omikuji.fr\/wp\/wp-json\/wp\/v2\/product\/1346"}],"collection":[{"href":"https:\/\/www.omikuji.fr\/wp\/wp-json\/wp\/v2\/product"}],"about":[{"href":"https:\/\/www.omikuji.fr\/wp\/wp-json\/wp\/v2\/types\/product"}],"replies":[{"embeddable":true,"href":"https:\/\/www.omikuji.fr\/wp\/wp-json\/wp\/v2\/comments?post=1346"}],"wp:featuredmedia":[{"embeddable":true,"href":"https:\/\/www.omikuji.fr\/wp\/wp-json\/wp\/v2\/media\/1347"}],"wp:attachment":[{"href":"https:\/\/www.omikuji.fr\/wp\/wp-json\/wp\/v2\/media?parent=1346"}],"curies":[{"name":"wp","href":"https:\/\/api.w.org\/{rel}","templated":true}]}}