{"id":1719,"date":"2024-11-15T15:38:31","date_gmt":"2024-11-15T14:38:31","guid":{"rendered":"https:\/\/www.omikuji.fr\/wp\/?post_type=product&#038;p=1719"},"modified":"2024-11-15T15:42:46","modified_gmt":"2024-11-15T14:42:46","slug":"spa-privatise-nantes-avec-massage-en-duo","status":"publish","type":"product","link":"https:\/\/www.omikuji.fr\/wp\/produit\/spa-privatise-nantes-avec-massage-en-duo\/","title":{"rendered":"Spa privatis\u00e9 Nantes avec massage en duo"},"content":{"rendered":"<p><strong>Voyage bien \u00eatre en duo d&rsquo;exception du Japon \u00e0 la Polyn\u00e9sie<\/strong><\/p>\n<p>Offrez-vous un voyage sensoriel inoubliable entre le Japon et la Polyn\u00e9sie Fran\u00e7aise, un moment de pure \u00e9vasion pour le corps et l\u2019esprit.<\/p>\n<p>Votre exp\u00e9rience commence par notre rituel d\u2019accueil unique dans un cadre inspir\u00e9 de la s\u00e9r\u00e9nit\u00e9 japonaise, vous invitant \u00e0 vous immerger dans une atmosph\u00e8re de calme absolu.<\/p>\n<p>Ensuite, profitez pendant 1h30 de notre parcours spa enti\u00e8rement privatis\u00e9, o\u00f9 vous retournerez au Japon \u00e0 travers un espace privatis\u00e9 comprenant un jacuzzi, un sauna, et une douche hydromassante. Pour parfaire ce moment de bien-\u00eatre, une tisanerie est \u00e0 votre disposition, vous permettant de prolonger votre d\u00e9tente en savourant des infusions d\u00e9licates. Pr\u00e9voyez votre maillot de bain.<\/p>\n<p>Le soin se poursuit avec un doux gommage du dos au sable fin de Bora Bora et au Mono\u00ef, offrant une exfoliation d\u00e9licate et apaisante.<\/p>\n<p>Puis, notre enveloppement chouchou au Beurre de Mangue aux subtiles notes Maoris qui vient recouvrir votre dos, nourrit intens\u00e9ment votre peau tout en vous envo\u00fbtant de ses senteurs exotiques.<\/p>\n<p>Enfin, laissez-vous bercer par un massage du dos et du corps mains, jambes, ventre, doux et relaxant au Nectar Tropical \u00e0 la Fleur de Frangipanier, pour une peau douce et parfum\u00e9e.<\/p>\n<p>En tout : 1h 30 de spa + 1h 30 de massage pour 2 personnes<\/p>\n<p>&nbsp;<\/p>\n<p>R\u00e9servez en ligne ici :<strong><a href=\"https:\/\/www.omikuji.fr\/produit\/detail\/742\"> https:\/\/www.omikuji.fr\/produit\/detail\/742<\/a><\/strong><\/p>\n<p>&nbsp;<\/p>\n<p>Vous pouvez soit acheter en ligne ici<strong> <a href=\"https:\/\/www.omikuji.fr\/produit\/detail\/742\">https:\/\/www.omikuji.fr\/produit\/detail\/742<\/a><\/strong> ou bien acheter via notre plaforme<\/p>\n<p>&nbsp;<\/p>\n<p>Dans tous les cas un PDF vous sera envoy\u00e9 par mail nous ne faisons pas d&rsquo;envoi papier<\/p>\n","protected":false},"excerpt":{"rendered":"<p>Voyage bien \u00eatre en duo d&rsquo;exception du Japon \u00e0 la Polyn\u00e9sie Offrez-vous un voyage sensoriel inoubliable entre le Japon et la Polyn\u00e9sie Fran\u00e7aise, un moment de pure \u00e9vasion pour le corps et l\u2019esprit. Votre exp\u00e9rience commence par notre rituel d\u2019accueil unique dans un cadre inspir\u00e9 de la s\u00e9r\u00e9nit\u00e9 japonaise, vous invitant \u00e0 vous immerger dans [&hellip;]<\/p>\n","protected":false},"featured_media":1720,"comment_status":"open","ping_status":"closed","template":"","meta":[],"_links":{"self":[{"href":"https:\/\/www.omikuji.fr\/wp\/wp-json\/wp\/v2\/product\/1719"}],"collection":[{"href":"https:\/\/www.omikuji.fr\/wp\/wp-json\/wp\/v2\/product"}],"about":[{"href":"https:\/\/www.omikuji.fr\/wp\/wp-json\/wp\/v2\/types\/product"}],"replies":[{"embeddable":true,"href":"https:\/\/www.omikuji.fr\/wp\/wp-json\/wp\/v2\/comments?post=1719"}],"wp:featuredmedia":[{"embeddable":true,"href":"https:\/\/www.omikuji.fr\/wp\/wp-json\/wp\/v2\/media\/1720"}],"wp:attachment":[{"href":"https:\/\/www.omikuji.fr\/wp\/wp-json\/wp\/v2\/media?parent=1719"}],"curies":[{"name":"wp","href":"https:\/\/api.w.org\/{rel}","templated":true}]}}