{"id":176,"date":"2020-10-18T23:07:41","date_gmt":"2020-10-18T21:07:41","guid":{"rendered":"https:\/\/www.omikuji.fr\/wp\/?post_type=product&#038;p=176"},"modified":"2024-11-15T15:46:25","modified_gmt":"2024-11-15T14:46:25","slug":"coffret-cadeau-massage-en-duo-nantes","status":"publish","type":"product","link":"https:\/\/www.omikuji.fr\/wp\/produit\/coffret-cadeau-massage-en-duo-nantes\/","title":{"rendered":"Coffret cadeau massage duo Nantes"},"content":{"rendered":"<p>un PDF vous sera envoy\u00e9 par mail nous ne faisons pas d&rsquo;envoi papier<\/p>\n<p>Le\u00a0 coffret cadeau en duo id\u00e9al pour les f\u00eates ! Aux portes de Nantes \u00e0 Rez\u00e9 dans notre spa et institut de beaut\u00e9 Rez\u00e9.<\/p>\n<p>Pour une id\u00e9e de cadeau de no\u00ebl en duo original ne cherchez plus, vous \u00eates au bon endroit !<\/p>\n<p>Notre parcours spa n&rsquo;attend que vous :<\/p>\n<ul>\n<li>La douche avec\u00a0<b>jets hydromassants<\/b>\u00a0stimule et d\u00e9lasse d\u00e8s l\u2019entr\u00e9e du parcours.<\/li>\n<li>Le\u00a0<b>Jacuzzi<\/b>\u00a05 places enveloppantes avec\u00a0<b>massages et chromo-th\u00e9rapie.<\/b><\/li>\n<li>Le\u00a0<b>Sauna traditionnel<\/b>\u00a0pour une d\u00e9tente musculaire et articulaire. Une\u00a0<b>relaxation garantie\u00a0<\/b><\/li>\n<li>Faites de cet instant un\u00a0<b>moment unique<\/b><\/li>\n<\/ul>\n<p>&nbsp;<\/p>\n","protected":false},"excerpt":{"rendered":"<p>un PDF vous sera envoy\u00e9 par mail nous ne faisons pas d&rsquo;envoi papier<\/p>\n<p>Massage en duo, parcours spa.<\/p>\n<p>Le\u00a0 coffret cadeau en duo id\u00e9al pour les f\u00eates aux portes de Nantes \u00e0 Rez\u00e9<\/p>\n<p>Succombez \u00e0 notre formule<\/p>\n<p>&nbsp;<\/p>\n<ul>\n<li>1h de parcours spa privatis\u00e9 en duo avec Jacuzzi sauna et douche hydromassante<\/li>\n<li>1h de massage en duo<\/li>\n<li>2 verres de cr\u00e9mant ou boissons soft<\/li>\n<\/ul>\n<p>&nbsp;<\/p>\n","protected":false},"featured_media":477,"comment_status":"open","ping_status":"closed","template":"","meta":[],"_links":{"self":[{"href":"https:\/\/www.omikuji.fr\/wp\/wp-json\/wp\/v2\/product\/176"}],"collection":[{"href":"https:\/\/www.omikuji.fr\/wp\/wp-json\/wp\/v2\/product"}],"about":[{"href":"https:\/\/www.omikuji.fr\/wp\/wp-json\/wp\/v2\/types\/product"}],"replies":[{"embeddable":true,"href":"https:\/\/www.omikuji.fr\/wp\/wp-json\/wp\/v2\/comments?post=176"}],"wp:featuredmedia":[{"embeddable":true,"href":"https:\/\/www.omikuji.fr\/wp\/wp-json\/wp\/v2\/media\/477"}],"wp:attachment":[{"href":"https:\/\/www.omikuji.fr\/wp\/wp-json\/wp\/v2\/media?parent=176"}],"curies":[{"name":"wp","href":"https:\/\/api.w.org\/{rel}","templated":true}]}}