{"id":707,"date":"2021-04-02T10:36:02","date_gmt":"2021-04-02T08:36:02","guid":{"rendered":"https:\/\/www.omikuji.fr\/wp\/?post_type=product&#038;p=707"},"modified":"2025-08-15T22:05:54","modified_gmt":"2025-08-15T20:05:54","slug":"serum-contour-des-yeux","status":"publish","type":"product","link":"https:\/\/www.omikuji.fr\/wp\/produit\/serum-contour-des-yeux\/","title":{"rendered":"S\u00e9rum contour des yeux"},"content":{"rendered":"<p>La zone du contour de l\u2019\u0153il est la plus fragile<br \/>\ndu visage car la peau y est 5 fois plus fine.<br \/>\nCe s\u00e9rum concentr\u00e9 \u00e0 plus de 10% d\u2019actifs,<br \/>\npermet de lutter contre les signes de fatigue du<br \/>\ncontour des yeux. Formul\u00e9 \u00e0 base d\u2019apig\u00e9nine,<br \/>\nil augmente la capacit\u00e9 naturelle d\u2019\u00e9limination<br \/>\nde la bilirubine (pigment donnant la couleur<br \/>\nfonc\u00e9 aux cernes). Cette action est compl\u00e9t\u00e9e<br \/>\npar la caf\u00e9ine offrant une action anti-poche<br \/>\net d\u00e9fatigante. L\u2019eau de bleuet et le jus d\u2019aloe<br \/>\nvera bio permettent \u00e0 la peau de retrouver un<br \/>\naspect raffermi. Sa texture non grasse, p\u00e9n\u00e8tre<br \/>\nrapidement et laisse une sensation de fra\u00eecheur.<\/p>\n<p>Appliquer quotidiennement matin et\/ou soir sur le<br \/>\ncontour des yeux.<\/p>\n<p>PROPRI\u00c9T\u00c9S DES ACTIFS :<\/p>\n<p>APIG\u00c9NINE (origine v\u00e9g\u00e9tale) :<br \/>\n\u2022 Action sur la coloration des cernes.<br \/>\n\u2022 Apaisant.<br \/>\nJUS D\u2019ALOE VERA BIO (origine v\u00e9g\u00e9tale) :<br \/>\n\u2022 Hydratant et tenseur.<br \/>\nEAU DE BLEUET (origine v\u00e9g\u00e9tale) :<br \/>\n\u2022 Apaisant et d\u00e9congestionnant.<br \/>\nCAF\u00c9INE (origine v\u00e9g\u00e9tale) :<br \/>\n\u2022 Action anti-poche et d\u00e9fatigante.<\/p>\n<p>96,6% d\u2019ingr\u00e9dients d\u2019origine naturelle<br \/>\ndans la formule dont 100% d\u2019actifs naturels.<br \/>\n\u2022 Sans colorant, sans parfum.<br \/>\n\u2022 Sans parab\u00e8ne, sans ph\u00e9noxy\u00e9thanol, sans<br \/>\nPEG et sans silicone.<br \/>\n\u2022 Test\u00e9 sous contr\u00f4le dermatologique.<\/p>\n<p>&nbsp;<\/p>\n<p>Ingr\u00e9dients :<\/p>\n<p>Aqua, Aloe barbadensis, Leaf juice, Glycerin, Coco caprylate, Caprate, Tritanolamine, Cafeine, Centaurea, Syanus flower water, Apigenin,Carbomer, Potasium sorbate, sodium benzoate, Cytric acid, Benzyl Alcohol, Dehydroacetic acid, Imidazolidinyl urea<\/p>\n","protected":false},"excerpt":{"rendered":"<p>La zone du contour de l\u2019\u0153il est la plus fragile<br \/>\ndu visage car la peau y est 5 fois plus fine.<br \/>\nCe s\u00e9rum concentr\u00e9 \u00e0 plus de 10% d\u2019actifs,<br \/>\npermet de lutter contre les signes de fatigue du<br \/>\ncontour des yeux. Formul\u00e9 \u00e0 base d\u2019apig\u00e9nine,<br \/>\nil augmente la capacit\u00e9 naturelle d\u2019\u00e9limination<br \/>\nde la bilirubine (pigment donnant la couleur<br \/>\nfonc\u00e9 aux cernes). Cette action est compl\u00e9t\u00e9e<br \/>\npar la caf\u00e9ine offrant une action anti-poche<br \/>\net d\u00e9fatigante. L\u2019eau de bleuet et le jus d\u2019aloe<br \/>\nvera bio permettent \u00e0 la peau de retrouver un<br \/>\naspect raffermi. Sa texture non grasse, p\u00e9n\u00e8tre<br \/>\nrapidement et laisse une sensation de fra\u00eecheur.<\/p>\n","protected":false},"featured_media":708,"comment_status":"open","ping_status":"closed","template":"","meta":[],"_links":{"self":[{"href":"https:\/\/www.omikuji.fr\/wp\/wp-json\/wp\/v2\/product\/707"}],"collection":[{"href":"https:\/\/www.omikuji.fr\/wp\/wp-json\/wp\/v2\/product"}],"about":[{"href":"https:\/\/www.omikuji.fr\/wp\/wp-json\/wp\/v2\/types\/product"}],"replies":[{"embeddable":true,"href":"https:\/\/www.omikuji.fr\/wp\/wp-json\/wp\/v2\/comments?post=707"}],"wp:featuredmedia":[{"embeddable":true,"href":"https:\/\/www.omikuji.fr\/wp\/wp-json\/wp\/v2\/media\/708"}],"wp:attachment":[{"href":"https:\/\/www.omikuji.fr\/wp\/wp-json\/wp\/v2\/media?parent=707"}],"curies":[{"name":"wp","href":"https:\/\/api.w.org\/{rel}","templated":true}]}}